{"id":2412,"date":"2022-08-09T00:33:39","date_gmt":"2022-08-08T22:33:39","guid":{"rendered":"https:\/\/onedaymore-roslinne.test\/roslinne\/?post_type=product&#038;p=2412"},"modified":"2025-05-14T11:35:49","modified_gmt":"2025-05-14T09:35:49","slug":"zestaw-roslinny","status":"publish","type":"product","link":"https:\/\/onedaymore-test-pl.mda.pl\/roslinne\/sklep\/zestaw-roslinny\/","title":{"rendered":"Zestaw ro\u015blinny"},"content":{"rendered":"","protected":false},"excerpt":{"rendered":"","protected":false},"featured_media":0,"comment_status":"open","ping_status":"closed","template":"","meta":{"_acf_changed":false},"product_brand":[],"product_cat":[15],"product_tag":[],"class_list":{"0":"post-2412","1":"product","2":"type-product","3":"status-publish","5":"product_cat-uncategorized","7":"first","8":"instock","9":"shipping-taxable","10":"purchasable","11":"product-type-mix-and-match"},"acf":[],"yoast_head":"<!-- This site is optimized with the Yoast SEO plugin v25.3 - https:\/\/yoast.com\/wordpress\/plugins\/seo\/ -->\n<title>Zestaw ro\u015blinny - Sklep OneDayMore Ro\u015blinne<\/title>\n<meta name=\"robots\" content=\"noindex, follow\" \/>\n<meta property=\"og:locale\" content=\"pl_PL\" \/>\n<meta property=\"og:type\" content=\"article\" \/>\n<meta property=\"og:title\" content=\"Zestaw ro\u015blinny - Sklep OneDayMore Ro\u015blinne\" \/>\n<meta property=\"og:url\" content=\"https:\/\/onedaymore-test-pl.mda.pl\/roslinne\/sklep\/zestaw-roslinny\/\" \/>\n<meta property=\"og:site_name\" content=\"Sklep OneDayMore Ro\u015blinne\" \/>\n<meta property=\"article:modified_time\" content=\"2025-05-14T09:35:49+00:00\" \/>\n<meta name=\"twitter:card\" content=\"summary_large_image\" \/>\n<script type=\"application\/ld+json\" class=\"yoast-schema-graph\">{\"@context\":\"https:\/\/schema.org\",\"@graph\":[{\"@type\":\"WebPage\",\"@id\":\"https:\/\/onedaymore-test-pl.mda.pl\/roslinne\/sklep\/zestaw-roslinny\/\",\"url\":\"https:\/\/onedaymore-test-pl.mda.pl\/roslinne\/sklep\/zestaw-roslinny\/\",\"name\":\"Zestaw ro\u015blinny - Sklep OneDayMore Ro\u015blinne\",\"isPartOf\":{\"@id\":\"https:\/\/onedaymore-test-pl.mda.pl\/roslinne\/#website\"},\"datePublished\":\"2022-08-08T22:33:39+00:00\",\"dateModified\":\"2025-05-14T09:35:49+00:00\",\"breadcrumb\":{\"@id\":\"https:\/\/onedaymore-test-pl.mda.pl\/roslinne\/sklep\/zestaw-roslinny\/#breadcrumb\"},\"inLanguage\":\"pl-PL\",\"potentialAction\":[{\"@type\":\"ReadAction\",\"target\":[\"https:\/\/onedaymore-test-pl.mda.pl\/roslinne\/sklep\/zestaw-roslinny\/\"]}]},{\"@type\":\"BreadcrumbList\",\"@id\":\"https:\/\/onedaymore-test-pl.mda.pl\/roslinne\/sklep\/zestaw-roslinny\/#breadcrumb\",\"itemListElement\":[{\"@type\":\"ListItem\",\"position\":1,\"name\":\"Home\",\"item\":\"https:\/\/onedaymore-test-pl.mda.pl\/roslinne\/\"},{\"@type\":\"ListItem\",\"position\":2,\"name\":\"Produkty\",\"item\":\"https:\/\/onedaymore-test-pl.mda.pl\/roslinne\/shop__trashed\/\"},{\"@type\":\"ListItem\",\"position\":3,\"name\":\"Zestaw ro\u015blinny\"}]},{\"@type\":\"WebSite\",\"@id\":\"https:\/\/onedaymore-test-pl.mda.pl\/roslinne\/#website\",\"url\":\"https:\/\/onedaymore-test-pl.mda.pl\/roslinne\/\",\"name\":\"Sklep OneDayMore Ro\u015blinne\",\"description\":\"Just another Sklepy OneDayMore site\",\"potentialAction\":[{\"@type\":\"SearchAction\",\"target\":{\"@type\":\"EntryPoint\",\"urlTemplate\":\"https:\/\/onedaymore-test-pl.mda.pl\/roslinne\/?s={search_term_string}\"},\"query-input\":{\"@type\":\"PropertyValueSpecification\",\"valueRequired\":true,\"valueName\":\"search_term_string\"}}],\"inLanguage\":\"pl-PL\"}]}<\/script>\n<!-- \/ Yoast SEO plugin. -->","yoast_head_json":{"title":"Zestaw ro\u015blinny - Sklep OneDayMore Ro\u015blinne","robots":{"index":"noindex","follow":"follow"},"og_locale":"pl_PL","og_type":"article","og_title":"Zestaw ro\u015blinny - Sklep OneDayMore Ro\u015blinne","og_url":"https:\/\/onedaymore-test-pl.mda.pl\/roslinne\/sklep\/zestaw-roslinny\/","og_site_name":"Sklep OneDayMore Ro\u015blinne","article_modified_time":"2025-05-14T09:35:49+00:00","twitter_card":"summary_large_image","schema":{"@context":"https:\/\/schema.org","@graph":[{"@type":"WebPage","@id":"https:\/\/onedaymore-test-pl.mda.pl\/roslinne\/sklep\/zestaw-roslinny\/","url":"https:\/\/onedaymore-test-pl.mda.pl\/roslinne\/sklep\/zestaw-roslinny\/","name":"Zestaw ro\u015blinny - Sklep OneDayMore Ro\u015blinne","isPartOf":{"@id":"https:\/\/onedaymore-test-pl.mda.pl\/roslinne\/#website"},"datePublished":"2022-08-08T22:33:39+00:00","dateModified":"2025-05-14T09:35:49+00:00","breadcrumb":{"@id":"https:\/\/onedaymore-test-pl.mda.pl\/roslinne\/sklep\/zestaw-roslinny\/#breadcrumb"},"inLanguage":"pl-PL","potentialAction":[{"@type":"ReadAction","target":["https:\/\/onedaymore-test-pl.mda.pl\/roslinne\/sklep\/zestaw-roslinny\/"]}]},{"@type":"BreadcrumbList","@id":"https:\/\/onedaymore-test-pl.mda.pl\/roslinne\/sklep\/zestaw-roslinny\/#breadcrumb","itemListElement":[{"@type":"ListItem","position":1,"name":"Home","item":"https:\/\/onedaymore-test-pl.mda.pl\/roslinne\/"},{"@type":"ListItem","position":2,"name":"Produkty","item":"https:\/\/onedaymore-test-pl.mda.pl\/roslinne\/shop__trashed\/"},{"@type":"ListItem","position":3,"name":"Zestaw ro\u015blinny"}]},{"@type":"WebSite","@id":"https:\/\/onedaymore-test-pl.mda.pl\/roslinne\/#website","url":"https:\/\/onedaymore-test-pl.mda.pl\/roslinne\/","name":"Sklep OneDayMore Ro\u015blinne","description":"Just another Sklepy OneDayMore site","potentialAction":[{"@type":"SearchAction","target":{"@type":"EntryPoint","urlTemplate":"https:\/\/onedaymore-test-pl.mda.pl\/roslinne\/?s={search_term_string}"},"query-input":{"@type":"PropertyValueSpecification","valueRequired":true,"valueName":"search_term_string"}}],"inLanguage":"pl-PL"}]}},"_links":{"self":[{"href":"https:\/\/onedaymore-test-pl.mda.pl\/roslinne\/wp-json\/wp\/v2\/product\/2412","targetHints":{"allow":["GET"]}}],"collection":[{"href":"https:\/\/onedaymore-test-pl.mda.pl\/roslinne\/wp-json\/wp\/v2\/product"}],"about":[{"href":"https:\/\/onedaymore-test-pl.mda.pl\/roslinne\/wp-json\/wp\/v2\/types\/product"}],"replies":[{"embeddable":true,"href":"https:\/\/onedaymore-test-pl.mda.pl\/roslinne\/wp-json\/wp\/v2\/comments?post=2412"}],"wp:attachment":[{"href":"https:\/\/onedaymore-test-pl.mda.pl\/roslinne\/wp-json\/wp\/v2\/media?parent=2412"}],"wp:term":[{"taxonomy":"product_brand","embeddable":true,"href":"https:\/\/onedaymore-test-pl.mda.pl\/roslinne\/wp-json\/wp\/v2\/product_brand?post=2412"},{"taxonomy":"product_cat","embeddable":true,"href":"https:\/\/onedaymore-test-pl.mda.pl\/roslinne\/wp-json\/wp\/v2\/product_cat?post=2412"},{"taxonomy":"product_tag","embeddable":true,"href":"https:\/\/onedaymore-test-pl.mda.pl\/roslinne\/wp-json\/wp\/v2\/product_tag?post=2412"}],"curies":[{"name":"wp","href":"https:\/\/api.w.org\/{rel}","templated":true}]}}